{"id":15,"date":"2023-09-30T08:26:07","date_gmt":"2023-09-30T08:26:07","guid":{"rendered":"https:\/\/ascensio.kz\/?page_id=15"},"modified":"2023-10-31T18:46:53","modified_gmt":"2023-10-31T12:46:53","slug":"description","status":"publish","type":"page","link":"https:\/\/ascensio.kz\/?page_id=15","title":{"rendered":"\u049b\u0430\u0437\/kz\/en"},"content":{"rendered":"\n<p class=\"has-black-color has-text-color has-normal-font-size\"><strong>\u049b\u0430\u0437 <\/strong>\u0416\u0435\u043a\u0435 \u049b\u0430\u043f\u0442\u0430\u043c\u0430\u0434\u0430\u0493\u044b \u044b\u043b\u0493\u0430\u043b\u0434\u044b \u043c\u0430\u0439\u043b\u044b\u049b\u0442\u0430\u0440. \u0414\u0438\u0437\u0430\u0439\u043d &#8212; &#171;\u041c\u0435\u043d Almaty \u0441\u04af\u0439\u0435\u043c\u0456\u043d&#187;, \u0416\u0430\u043c\u0431\u044b\u043b \u0416\u0430\u0431\u0430\u0435\u0432\u0442\u044b\u04a3 \u0448\u044b\u0493\u0430\u0440\u043c\u0430\u043b\u0430\u0440\u044b\u043d\u0430\u043d \u04af\u0437\u0456\u043d\u0434\u0456\u043b\u0435\u0440, 100 \u0434\u0430\u043d\u0430 (25 \u0434\u0430\u043d\u0430\u0434\u0430\u043d 4 \u0442\u04af\u0440). \u0414\u0430\u0439\u044b\u043d\u0434\u0430\u043b\u0493\u0430\u043d \u043a\u04af\u043d\u043d\u0435\u043d \u0431\u0430\u0441\u0442\u0430\u043f 6 \u0430\u0439 \u0456\u0448\u0456\u043d\u0434\u0435 \u049b\u043e\u043b\u0434\u0430\u043d\u0493\u0430\u043d \u0436\u04e9\u043d.<\/p>\n\n\n\n<p><strong>kz <\/strong>Jeke qaptamada\u01f5y yl\u01f5aldy ma\u0131lyqtar. D\u0131za\u0131n &#8212; &#171;\u041cen Almaty s\u00fa\u0131emin&#187;, Jambyl Jabaevty\u0144 shy\u01f5armalarynan \u00fazindiler, 100 dana (25 danadan 4 t\u00far). Da\u0131yndal\u01f5an k\u00fannen bastap 6 a\u0131 ishinde qoldan\u01f5an j\u00f3n.<\/p>\n\n\n\n<p><strong>en <\/strong>Wet wipes in individual packaging. Design &#8212; &#171;I love Almaty&#187;, with excerpts from the works of Dzhambul dzhabayev, 100 pieces (4 types of 25 pieces). It is advisable to use within 6 months from the date of manufacture.<\/p>\n","protected":false},"excerpt":{"rendered":"<p>\u049b\u0430\u0437 \u0416\u0435\u043a\u0435 \u049b\u0430\u043f\u0442\u0430\u043c\u0430\u0434\u0430\u0493\u044b \u044b\u043b\u0493\u0430\u043b\u0434\u044b \u043c\u0430\u0439\u043b\u044b\u049b\u0442\u0430\u0440. \u0414\u0438\u0437\u0430\u0439\u043d &#8212; &#171;\u041c\u0435\u043d Almaty \u0441\u04af\u0439\u0435\u043c\u0456\u043d&#187;, \u0416\u0430\u043c\u0431\u044b\u043b \u0416\u0430\u0431\u0430\u0435\u0432\u0442\u044b\u04a3 \u0448\u044b\u0493\u0430\u0440\u043c\u0430\u043b\u0430\u0440\u044b\u043d\u0430\u043d \u04af\u0437\u0456\u043d\u0434\u0456\u043b\u0435\u0440, 100 \u0434\u0430\u043d\u0430 (25 \u0434\u0430\u043d\u0430\u0434\u0430\u043d 4 \u0442\u04af\u0440). \u0414\u0430\u0439\u044b\u043d\u0434\u0430\u043b\u0493\u0430\u043d \u043a\u04af\u043d\u043d\u0435\u043d \u0431\u0430\u0441\u0442\u0430\u043f 6 \u0430\u0439 \u0456\u0448\u0456\u043d\u0434\u0435 \u049b\u043e\u043b\u0434\u0430\u043d\u0493\u0430\u043d \u0436\u04e9\u043d. kz Jeke qaptamada\u01f5y yl\u01f5aldy ma\u0131lyqtar. D\u0131za\u0131n &#8212; &#171;\u041cen Almaty s\u00fa\u0131emin&#187;, Jambyl Jabaevty\u0144 shy\u01f5armalarynan \u00fazindiler, 100 dana (25 danadan 4 t\u00far). Da\u0131yndal\u01f5an k\u00fannen bastap 6 a\u0131 ishinde qoldan\u01f5an&hellip; <a class=\"more-link\" href=\"https:\/\/ascensio.kz\/?page_id=15\">\u0427\u0438\u0442\u0430\u0442\u044c \u0434\u0430\u043b\u0435\u0435 <span class=\"screen-reader-text\">\u049b\u0430\u0437\/kz\/en<\/span><\/a><\/p>\n","protected":false},"author":1,"featured_media":0,"parent":0,"menu_order":0,"comment_status":"closed","ping_status":"closed","template":"","meta":{"footnotes":""},"class_list":["post-15","page","type-page","status-publish","hentry","entry"],"_links":{"self":[{"href":"https:\/\/ascensio.kz\/index.php?rest_route=\/wp\/v2\/pages\/15","targetHints":{"allow":["GET"]}}],"collection":[{"href":"https:\/\/ascensio.kz\/index.php?rest_route=\/wp\/v2\/pages"}],"about":[{"href":"https:\/\/ascensio.kz\/index.php?rest_route=\/wp\/v2\/types\/page"}],"author":[{"embeddable":true,"href":"https:\/\/ascensio.kz\/index.php?rest_route=\/wp\/v2\/users\/1"}],"replies":[{"embeddable":true,"href":"https:\/\/ascensio.kz\/index.php?rest_route=%2Fwp%2Fv2%2Fcomments&post=15"}],"version-history":[{"count":16,"href":"https:\/\/ascensio.kz\/index.php?rest_route=\/wp\/v2\/pages\/15\/revisions"}],"predecessor-version":[{"id":128,"href":"https:\/\/ascensio.kz\/index.php?rest_route=\/wp\/v2\/pages\/15\/revisions\/128"}],"wp:attachment":[{"href":"https:\/\/ascensio.kz\/index.php?rest_route=%2Fwp%2Fv2%2Fmedia&parent=15"}],"curies":[{"name":"wp","href":"https:\/\/api.w.org\/{rel}","templated":true}]}}